{"id":12844,"date":"2016-09-05T08:23:40","date_gmt":"2016-09-05T08:23:40","guid":{"rendered":"http:\/\/w2.artajona.net\/industria\/"},"modified":"2016-09-05T08:23:40","modified_gmt":"2016-09-05T08:23:40","slug":"industria","status":"publish","type":"page","link":"https:\/\/www.artajona.net\/eu\/jarduera-ekonomikoa\/industria\/","title":{"rendered":"Industria"},"content":{"rendered":"<div id=\"texto-industria\">\n<p>Artaxoako ekonomia, Nafarroako herri gehienetakoa bezalaxe, nekazaritzara lotuta egon da historikoki. Nolanahi ere, nekazaritzak halako bilakaera izan du, gaur egun hogeita hamar pertsona ere ez direla ekonomia-jarduera horretan esklusiboki aritzen direnak.<\/p>\n<p>Gaur egun, dibertsifikazio handiko ekonomia dago Artaxoan, baina, jarduera guztien artean abeltzaintza da nagusi, txerri-, behi- eta ardi-ab. Pentsa, herrian hogeita hamar mila abelburu baino gehiago dago. Ez da gutxi.<\/p>\n<p>Industriaren sektorean ere aldatu egin da, krisi handi batean sartuta baikaude orain eta, ondorioz, sektore horretan aritzen zirenek Iru\u00f1era, Tafallara edo Azkoinera joan behar izan dute lanera. Beheraldi honi eutsi dioten bakarrak enpresa txikiak izan dira (familia-enpresak). Horien artean, nabarmentzekoak dira, beraien produktuengatik, kirolean aritzeko palak egiten dituen enpresa bat, turroia eta pastak egiten dituen enpresa bat, eta artisau-produktuak egiten dituen beste enpresa bat.<\/p>\n<p>Zerbitzuen sektorea, alabaina, indarrez suspertzen ari da. Badira zenbait taberna, jatetxe, landetxe, harategi, supermerkatu, artisau-gozotegi, produktu tradizionalak, eta beste batzuk.<\/p>\n<p>Herrian tinko dirauen beste sektore bat eraikuntzarena da. Pertsona ugari aritzen dira sektore horretan, eta hainbat enpresa daude, herrian bertan zein herritik kanpo lan egiten dutenak.<\/p>\n<p>Nabarmentzekoa da, azkenik, herriak garrantzi handiko zenbait ekarpen egin dituela Nafarroako nekazaritza-kooperatibismoaren arloan, honako hauek guztiak Artaxoan sortu baitira: 1904ko azaroaren 10ean, Cooperativa Agr\u00edcola Caja Rural kooperatiba; 1939ko abenduaren 3an, Bodega Cooperativa San Francisco Javier ardandegia; 1944ko azaroaren 24an, Trujal Cooperativo nuestra Se\u00f1ora de la Merced errota; 1962ko abuztuaren 6an, Cooperativa Trilladora Nuestra Se\u00f1ora de Jerusal\u00e9n kooperatiba; eta, 1965ko uztailaren 3an, Cooperativa Conservera San Saturnino kooperatiba. 2004. urtean, Cooperativa Agr\u00edcola Caja Rural kooperatibaren mendeurrena ospatu zen, ondo ospatu ere, Nafarroan bi besterik ez baitira kreditu-atala duten era horretako kooperatibak, eta, esan bezala, Artaxoan sortua da horietako bat.<\/p>\n<div id=\"contenido_a_mostrar1\"><\/div>\n<\/div>\n<div id=\"titulo-industria\"><strong>Artaxoako Industriak<br \/>\n<\/strong><\/div>\n<div>\n<div data-carousel-extra='{\"blog_id\":1,\"permalink\":\"https:\\\/\\\/www.artajona.net\\\/eu\\\/jarduera-ekonomikoa\\\/industria\\\/\",\"likes_blog_id\":false}' id='gallery-1' class='gallery galleryid-12844 gallery-columns-4 gallery-size-thumbnail'><figure class='gallery-item'>\n\t\t\t<div class='gallery-icon landscape'>\n\t\t\t\t<img loading=\"lazy\" decoding=\"async\" width=\"150\" height=\"150\" src=\"https:\/\/www.artajona.net\/wp-content\/uploads\/2016\/09\/tomates-artajona-150x150.jpg\" class=\"attachment-thumbnail size-thumbnail\" alt=\"\" srcset=\"https:\/\/www.artajona.net\/wp-content\/uploads\/2016\/09\/tomates-artajona-150x150.jpg 150w, https:\/\/www.artajona.net\/wp-content\/uploads\/2016\/09\/tomates-artajona-66x66.jpg 66w, https:\/\/www.artajona.net\/wp-content\/uploads\/2016\/09\/tomates-artajona.jpg 193w\" sizes=\"auto, (max-width: 150px) 100vw, 150px\" data-attachment-id=\"12845\" data-orig-file=\"https:\/\/www.artajona.net\/wp-content\/uploads\/2016\/09\/tomates-artajona.jpg\" data-orig-size=\"193,192\" data-comments-opened=\"0\" data-image-meta=\"{&quot;aperture&quot;:&quot;0&quot;,&quot;credit&quot;:&quot;&quot;,&quot;camera&quot;:&quot;&quot;,&quot;caption&quot;:&quot;&quot;,&quot;created_timestamp&quot;:&quot;0&quot;,&quot;copyright&quot;:&quot;&quot;,&quot;focal_length&quot;:&quot;0&quot;,&quot;iso&quot;:&quot;0&quot;,&quot;shutter_speed&quot;:&quot;0&quot;,&quot;title&quot;:&quot;&quot;,&quot;orientation&quot;:&quot;0&quot;,&quot;keywords&quot;:&quot;Array&quot;}\" data-image-title=\"tomates-artajona\" data-image-description=\"\" data-medium-file=\"https:\/\/www.artajona.net\/wp-content\/uploads\/2016\/09\/tomates-artajona.jpg\" data-large-file=\"https:\/\/www.artajona.net\/wp-content\/uploads\/2016\/09\/tomates-artajona.jpg\" \/>\n\t\t\t<\/div><\/figure><figure class='gallery-item'>\n\t\t\t<div class='gallery-icon landscape'>\n\t\t\t\t<img loading=\"lazy\" decoding=\"async\" width=\"150\" height=\"150\" src=\"https:\/\/www.artajona.net\/wp-content\/uploads\/2016\/09\/bodegas-artajona-150x150.jpg\" class=\"attachment-thumbnail size-thumbnail\" alt=\"\" srcset=\"https:\/\/www.artajona.net\/wp-content\/uploads\/2016\/09\/bodegas-artajona-150x150.jpg 150w, https:\/\/www.artajona.net\/wp-content\/uploads\/2016\/09\/bodegas-artajona-66x66.jpg 66w, https:\/\/www.artajona.net\/wp-content\/uploads\/2016\/09\/bodegas-artajona.jpg 193w\" sizes=\"auto, (max-width: 150px) 100vw, 150px\" data-attachment-id=\"12846\" data-orig-file=\"https:\/\/www.artajona.net\/wp-content\/uploads\/2016\/09\/bodegas-artajona.jpg\" data-orig-size=\"193,192\" data-comments-opened=\"0\" data-image-meta=\"{&quot;aperture&quot;:&quot;0&quot;,&quot;credit&quot;:&quot;&quot;,&quot;camera&quot;:&quot;&quot;,&quot;caption&quot;:&quot;&quot;,&quot;created_timestamp&quot;:&quot;0&quot;,&quot;copyright&quot;:&quot;&quot;,&quot;focal_length&quot;:&quot;0&quot;,&quot;iso&quot;:&quot;0&quot;,&quot;shutter_speed&quot;:&quot;0&quot;,&quot;title&quot;:&quot;&quot;,&quot;orientation&quot;:&quot;0&quot;,&quot;keywords&quot;:&quot;Array&quot;}\" data-image-title=\"bodegas-artajona\" data-image-description=\"\" data-medium-file=\"https:\/\/www.artajona.net\/wp-content\/uploads\/2016\/09\/bodegas-artajona.jpg\" data-large-file=\"https:\/\/www.artajona.net\/wp-content\/uploads\/2016\/09\/bodegas-artajona.jpg\" \/>\n\t\t\t<\/div><\/figure><figure class='gallery-item'>\n\t\t\t<div class='gallery-icon landscape'>\n\t\t\t\t<img loading=\"lazy\" decoding=\"async\" width=\"150\" height=\"150\" src=\"https:\/\/www.artajona.net\/wp-content\/uploads\/2016\/09\/embutidos-ochoa-150x150.jpg\" class=\"attachment-thumbnail size-thumbnail\" alt=\"\" srcset=\"https:\/\/www.artajona.net\/wp-content\/uploads\/2016\/09\/embutidos-ochoa-150x150.jpg 150w, https:\/\/www.artajona.net\/wp-content\/uploads\/2016\/09\/embutidos-ochoa-66x66.jpg 66w, https:\/\/www.artajona.net\/wp-content\/uploads\/2016\/09\/embutidos-ochoa.jpg 193w\" sizes=\"auto, (max-width: 150px) 100vw, 150px\" data-attachment-id=\"12847\" data-orig-file=\"https:\/\/www.artajona.net\/wp-content\/uploads\/2016\/09\/embutidos-ochoa.jpg\" data-orig-size=\"193,192\" data-comments-opened=\"0\" data-image-meta=\"{&quot;aperture&quot;:&quot;0&quot;,&quot;credit&quot;:&quot;&quot;,&quot;camera&quot;:&quot;&quot;,&quot;caption&quot;:&quot;&quot;,&quot;created_timestamp&quot;:&quot;0&quot;,&quot;copyright&quot;:&quot;&quot;,&quot;focal_length&quot;:&quot;0&quot;,&quot;iso&quot;:&quot;0&quot;,&quot;shutter_speed&quot;:&quot;0&quot;,&quot;title&quot;:&quot;&quot;,&quot;orientation&quot;:&quot;0&quot;,&quot;keywords&quot;:&quot;Array&quot;}\" data-image-title=\"embutidos-ochoa\" data-image-description=\"\" data-medium-file=\"https:\/\/www.artajona.net\/wp-content\/uploads\/2016\/09\/embutidos-ochoa.jpg\" data-large-file=\"https:\/\/www.artajona.net\/wp-content\/uploads\/2016\/09\/embutidos-ochoa.jpg\" \/>\n\t\t\t<\/div><\/figure><figure class='gallery-item'>\n\t\t\t<div class='gallery-icon landscape'>\n\t\t\t\t<img loading=\"lazy\" decoding=\"async\" width=\"150\" height=\"150\" src=\"https:\/\/www.artajona.net\/wp-content\/uploads\/2016\/09\/gasoleos-artajona-150x150.jpg\" class=\"attachment-thumbnail size-thumbnail\" alt=\"\" srcset=\"https:\/\/www.artajona.net\/wp-content\/uploads\/2016\/09\/gasoleos-artajona-150x150.jpg 150w, https:\/\/www.artajona.net\/wp-content\/uploads\/2016\/09\/gasoleos-artajona-66x66.jpg 66w, https:\/\/www.artajona.net\/wp-content\/uploads\/2016\/09\/gasoleos-artajona.jpg 193w\" sizes=\"auto, (max-width: 150px) 100vw, 150px\" data-attachment-id=\"12848\" data-orig-file=\"https:\/\/www.artajona.net\/wp-content\/uploads\/2016\/09\/gasoleos-artajona.jpg\" data-orig-size=\"193,192\" data-comments-opened=\"0\" data-image-meta=\"{&quot;aperture&quot;:&quot;0&quot;,&quot;credit&quot;:&quot;&quot;,&quot;camera&quot;:&quot;&quot;,&quot;caption&quot;:&quot;&quot;,&quot;created_timestamp&quot;:&quot;0&quot;,&quot;copyright&quot;:&quot;&quot;,&quot;focal_length&quot;:&quot;0&quot;,&quot;iso&quot;:&quot;0&quot;,&quot;shutter_speed&quot;:&quot;0&quot;,&quot;title&quot;:&quot;&quot;,&quot;orientation&quot;:&quot;0&quot;,&quot;keywords&quot;:&quot;Array&quot;}\" data-image-title=\"gasoleos-artajona\" data-image-description=\"\" data-medium-file=\"https:\/\/www.artajona.net\/wp-content\/uploads\/2016\/09\/gasoleos-artajona.jpg\" data-large-file=\"https:\/\/www.artajona.net\/wp-content\/uploads\/2016\/09\/gasoleos-artajona.jpg\" \/>\n\t\t\t<\/div><\/figure>\n\t\t<\/div>\n\n<\/div>\n","protected":false},"excerpt":{"rendered":"<p>Artaxoako ekonomia, Nafarroako herri gehienetakoa bezalaxe, nekazaritzara lotuta egon da historikoki. Nolanahi ere, nekazaritzak halako bilakaera izan du, gaur egun hogeita hamar pertsona ere ez direla ekonomia-jarduera horretan esklusiboki aritzen direnak. Gaur egun, dibertsifikazio handiko ekonomia dago Artaxoan, baina, jarduera guztien artean abeltzaintza da nagusi, txerri-, behi- eta ardi-ab. Pentsa, herrian hogeita hamar mila abelburu [&hellip;]<\/p>\n","protected":false},"author":2,"featured_media":0,"parent":12758,"menu_order":0,"comment_status":"closed","ping_status":"closed","template":"","meta":{"_exactmetrics_skip_tracking":false,"_exactmetrics_sitenote_active":false,"_exactmetrics_sitenote_note":"","_exactmetrics_sitenote_category":0,"footnotes":""},"class_list":["post-12844","page","type-page","status-publish","hentry"],"yoast_head":"<!-- This site is optimized with the Yoast SEO plugin v24.5 - https:\/\/yoast.com\/wordpress\/plugins\/seo\/ -->\r\n<title>Industria - Ayuntamiento de Artajona \/ Artaxoako Udala<\/title>\r\n<meta name=\"robots\" content=\"index, follow, max-snippet:-1, max-image-preview:large, max-video-preview:-1\" \/>\r\n<link rel=\"canonical\" href=\"https:\/\/www.artajona.net\/eu\/jarduera-ekonomikoa\/industria\/\" \/>\r\n<meta property=\"og:locale\" content=\"eu_ES\" \/>\r\n<meta property=\"og:type\" content=\"article\" \/>\r\n<meta property=\"og:title\" content=\"Industria - Ayuntamiento de Artajona \/ Artaxoako Udala\" \/>\r\n<meta property=\"og:description\" content=\"Artaxoako ekonomia, Nafarroako herri gehienetakoa bezalaxe, nekazaritzara lotuta egon da historikoki. Nolanahi ere, nekazaritzak halako bilakaera izan du, gaur egun hogeita hamar pertsona ere ez direla ekonomia-jarduera horretan esklusiboki aritzen direnak. Gaur egun, dibertsifikazio handiko ekonomia dago Artaxoan, baina, jarduera guztien artean abeltzaintza da nagusi, txerri-, behi- eta ardi-ab. Pentsa, herrian hogeita hamar mila abelburu [&hellip;]\" \/>\r\n<meta property=\"og:url\" content=\"https:\/\/www.artajona.net\/eu\/jarduera-ekonomikoa\/industria\/\" \/>\r\n<meta property=\"og:site_name\" content=\"Ayuntamiento de Artajona \/ Artaxoako Udala\" \/>\r\n<meta property=\"og:image\" content=\"https:\/\/www.artajona.net\/wp-content\/uploads\/2016\/09\/tomates-artajona-150x150.jpg\" \/>\r\n<meta name=\"twitter:card\" content=\"summary_large_image\" \/>\r\n<meta name=\"twitter:label1\" content=\"Est. reading time\" \/>\n\t<meta name=\"twitter:data1\" content=\"1 minute\" \/>\r\n<script type=\"application\/ld+json\" class=\"yoast-schema-graph\">{\"@context\":\"https:\/\/schema.org\",\"@graph\":[{\"@type\":\"WebPage\",\"@id\":\"https:\/\/www.artajona.net\/eu\/jarduera-ekonomikoa\/industria\/\",\"url\":\"https:\/\/www.artajona.net\/eu\/jarduera-ekonomikoa\/industria\/\",\"name\":\"Industria - Ayuntamiento de Artajona \/ Artaxoako Udala\",\"isPartOf\":{\"@id\":\"https:\/\/www.artajona.net\/#website\"},\"datePublished\":\"2016-09-05T08:23:40+00:00\",\"breadcrumb\":{\"@id\":\"https:\/\/www.artajona.net\/eu\/jarduera-ekonomikoa\/industria\/#breadcrumb\"},\"inLanguage\":\"eu-ES\",\"potentialAction\":[{\"@type\":\"ReadAction\",\"target\":[\"https:\/\/www.artajona.net\/eu\/jarduera-ekonomikoa\/industria\/\"]}]},{\"@type\":\"BreadcrumbList\",\"@id\":\"https:\/\/www.artajona.net\/eu\/jarduera-ekonomikoa\/industria\/#breadcrumb\",\"itemListElement\":[{\"@type\":\"ListItem\",\"position\":1,\"name\":\"Portada\",\"item\":\"https:\/\/www.artajona.net\/\"},{\"@type\":\"ListItem\",\"position\":2,\"name\":\"Jarduera ekonomikoa\",\"item\":\"https:\/\/www.artajona.net\/eu\/jarduera-ekonomikoa\/\"},{\"@type\":\"ListItem\",\"position\":3,\"name\":\"Industria\"}]},{\"@type\":\"WebSite\",\"@id\":\"https:\/\/www.artajona.net\/#website\",\"url\":\"https:\/\/www.artajona.net\/\",\"name\":\"Ayuntamiento de Artajona \/ Artaxoako Udala\",\"description\":\"Web oficial del ayuntamiento de Artajona\",\"potentialAction\":[{\"@type\":\"SearchAction\",\"target\":{\"@type\":\"EntryPoint\",\"urlTemplate\":\"https:\/\/www.artajona.net\/?s={search_term_string}\"},\"query-input\":{\"@type\":\"PropertyValueSpecification\",\"valueRequired\":true,\"valueName\":\"search_term_string\"}}],\"inLanguage\":\"eu-ES\"}]}<\/script>\r\n<!-- \/ Yoast SEO plugin. -->","yoast_head_json":{"title":"Industria - Ayuntamiento de Artajona \/ Artaxoako Udala","robots":{"index":"index","follow":"follow","max-snippet":"max-snippet:-1","max-image-preview":"max-image-preview:large","max-video-preview":"max-video-preview:-1"},"canonical":"https:\/\/www.artajona.net\/eu\/jarduera-ekonomikoa\/industria\/","og_locale":"eu_ES","og_type":"article","og_title":"Industria - Ayuntamiento de Artajona \/ Artaxoako Udala","og_description":"Artaxoako ekonomia, Nafarroako herri gehienetakoa bezalaxe, nekazaritzara lotuta egon da historikoki. Nolanahi ere, nekazaritzak halako bilakaera izan du, gaur egun hogeita hamar pertsona ere ez direla ekonomia-jarduera horretan esklusiboki aritzen direnak. Gaur egun, dibertsifikazio handiko ekonomia dago Artaxoan, baina, jarduera guztien artean abeltzaintza da nagusi, txerri-, behi- eta ardi-ab. Pentsa, herrian hogeita hamar mila abelburu [&hellip;]","og_url":"https:\/\/www.artajona.net\/eu\/jarduera-ekonomikoa\/industria\/","og_site_name":"Ayuntamiento de Artajona \/ Artaxoako Udala","og_image":[{"url":"https:\/\/www.artajona.net\/wp-content\/uploads\/2016\/09\/tomates-artajona-150x150.jpg","type":"","width":"","height":""}],"twitter_card":"summary_large_image","twitter_misc":{"Est. reading time":"1 minute"},"schema":{"@context":"https:\/\/schema.org","@graph":[{"@type":"WebPage","@id":"https:\/\/www.artajona.net\/eu\/jarduera-ekonomikoa\/industria\/","url":"https:\/\/www.artajona.net\/eu\/jarduera-ekonomikoa\/industria\/","name":"Industria - Ayuntamiento de Artajona \/ Artaxoako Udala","isPartOf":{"@id":"https:\/\/www.artajona.net\/#website"},"datePublished":"2016-09-05T08:23:40+00:00","breadcrumb":{"@id":"https:\/\/www.artajona.net\/eu\/jarduera-ekonomikoa\/industria\/#breadcrumb"},"inLanguage":"eu-ES","potentialAction":[{"@type":"ReadAction","target":["https:\/\/www.artajona.net\/eu\/jarduera-ekonomikoa\/industria\/"]}]},{"@type":"BreadcrumbList","@id":"https:\/\/www.artajona.net\/eu\/jarduera-ekonomikoa\/industria\/#breadcrumb","itemListElement":[{"@type":"ListItem","position":1,"name":"Portada","item":"https:\/\/www.artajona.net\/"},{"@type":"ListItem","position":2,"name":"Jarduera ekonomikoa","item":"https:\/\/www.artajona.net\/eu\/jarduera-ekonomikoa\/"},{"@type":"ListItem","position":3,"name":"Industria"}]},{"@type":"WebSite","@id":"https:\/\/www.artajona.net\/#website","url":"https:\/\/www.artajona.net\/","name":"Ayuntamiento de Artajona \/ Artaxoako Udala","description":"Web oficial del ayuntamiento de Artajona","potentialAction":[{"@type":"SearchAction","target":{"@type":"EntryPoint","urlTemplate":"https:\/\/www.artajona.net\/?s={search_term_string}"},"query-input":{"@type":"PropertyValueSpecification","valueRequired":true,"valueName":"search_term_string"}}],"inLanguage":"eu-ES"}]}},"_links":{"self":[{"href":"https:\/\/www.artajona.net\/eu\/wp-json\/wp\/v2\/pages\/12844","targetHints":{"allow":["GET"]}}],"collection":[{"href":"https:\/\/www.artajona.net\/eu\/wp-json\/wp\/v2\/pages"}],"about":[{"href":"https:\/\/www.artajona.net\/eu\/wp-json\/wp\/v2\/types\/page"}],"author":[{"embeddable":true,"href":"https:\/\/www.artajona.net\/eu\/wp-json\/wp\/v2\/users\/2"}],"replies":[{"embeddable":true,"href":"https:\/\/www.artajona.net\/eu\/wp-json\/wp\/v2\/comments?post=12844"}],"version-history":[{"count":0,"href":"https:\/\/www.artajona.net\/eu\/wp-json\/wp\/v2\/pages\/12844\/revisions"}],"up":[{"embeddable":true,"href":"https:\/\/www.artajona.net\/eu\/wp-json\/wp\/v2\/pages\/12758"}],"wp:attachment":[{"href":"https:\/\/www.artajona.net\/eu\/wp-json\/wp\/v2\/media?parent=12844"}],"curies":[{"name":"wp","href":"https:\/\/api.w.org\/{rel}","templated":true}]}}