{"id":13489,"date":"2020-06-17T05:43:45","date_gmt":"2020-06-17T05:43:45","guid":{"rendered":"http:\/\/w2.artajona.net\/musica-eskola\/"},"modified":"2020-06-17T05:43:45","modified_gmt":"2020-06-17T05:43:45","slug":"musica-eskola","status":"publish","type":"page","link":"https:\/\/www.artajona.net\/eu\/musica-eskola\/","title":{"rendered":"M\u00fasica Eskola"},"content":{"rendered":"<div>\n<div>Enlace al facebook de la Escuela de M\u00fasica\u00a0\u00a0\u00a0 <a href=\"https:\/\/www.facebook.com\/escmusicartajona\">haz clic\u00a0<\/a><\/div>\n<div>Enlace al canal de youtube\u00a0\u00a0\u00a0\u00a0\u00a0\u00a0\u00a0\u00a0\u00a0\u00a0\u00a0\u00a0\u00a0\u00a0\u00a0\u00a0\u00a0\u00a0\u00a0\u00a0\u00a0\u00a0\u00a0\u00a0\u00a0\u00a0\u00a0\u00a0\u00a0\u00a0\u00a0\u00a0\u00a0 <a href=\"https:\/\/www.youtube.com\/channel\/UCCYKHKjLL9MporWMtdyuEhQ\">haz clic<\/a><\/div>\n<div><\/div>\n<\/div>\n<div class=\"CjVfdc\">Los instrumentos que puedes aprender a tocar en la Escuela de M\u00fasica de Artajona son:<\/div>\n<p class=\"zfr3Q\" dir=\"ltr\">Artaxoako Musika Eskolan jotzen ikas ditzakezun instrumentuak honako hauek dira:<\/p>\n<div class=\"oKdM2c Kzv0Me\">\n<div id=\"h.6563719682eb4095_54\" class=\"hJDwNd-AhqUyc-OwsYgb jXK9ad D2fZ2 OjCsFc GNzUNc\">\n<div class=\"jXK9ad-SmKAyb\">\n<div class=\"tyJCtd mGzaTb baZpAe\">\n<h4 class=\"CjVfdc\">Percusi\u00f3n<\/h4>\n<\/div>\n<\/div>\n<\/div>\n<\/div>\n<div class=\"oKdM2c\">\n<div id=\"h.6563719682eb4095_56\" class=\"hJDwNd-AhqUyc-OwsYgb jXK9ad D2fZ2 wHaque GNzUNc\">\n<div class=\"jXK9ad-SmKAyb\">\n<div class=\"tyJCtd mGzaTb baZpAe\">\n<p class=\"zfr3Q\" dir=\"ltr\">Profesor: David Iborra<\/p>\n<h4 id=\"h.6y866c7sfneq\" class=\"zfr3Q duRjpb\"><strong>Instrumentos de Viento<\/strong><\/h4>\n<div class=\"oKdM2c\">\n<div id=\"h.6563719682eb4095_62\" class=\"hJDwNd-AhqUyc-II5mzb pSzOP-AhqUyc-II5mzb jXK9ad D2fZ2 GNzUNc\">\n<div class=\"jXK9ad-SmKAyb\">\n<div class=\"tyJCtd mGzaTb baZpAe\">\n<div class=\"CjVfdc\">Saxof\u00f3n<\/div>\n<\/div>\n<\/div>\n<\/div>\n<\/div>\n<div class=\"oKdM2c\">\n<div id=\"h.6563719682eb4095_64\" class=\"hJDwNd-AhqUyc-II5mzb pSzOP-AhqUyc-II5mzb jXK9ad D2fZ2 wHaque GNzUNc\">\n<div class=\"jXK9ad-SmKAyb\">\n<div class=\"tyJCtd mGzaTb baZpAe\">\n<p class=\"zfr3Q\" dir=\"ltr\">Profesor: \u00d3scar de Esteban<\/p>\n<p class=\"zfr3Q\" dir=\"ltr\">Director de la Escuela de M\u00fasica<\/p>\n<div class=\"oKdM2c\">\n<div id=\"h.6563719682eb4095_69\" class=\"hJDwNd-AhqUyc-II5mzb pSzOP-AhqUyc-II5mzb jXK9ad D2fZ2 GNzUNc\">\n<div class=\"jXK9ad-SmKAyb\">\n<div class=\"tyJCtd mGzaTb baZpAe\">\n<div class=\"CjVfdc\">Clarinete<\/div>\n<\/div>\n<\/div>\n<\/div>\n<\/div>\n<div class=\"oKdM2c\">\n<div id=\"h.6563719682eb4095_71\" class=\"hJDwNd-AhqUyc-II5mzb pSzOP-AhqUyc-II5mzb jXK9ad D2fZ2 wHaque GNzUNc\">\n<div class=\"jXK9ad-SmKAyb\">\n<div class=\"tyJCtd mGzaTb baZpAe\">\n<p class=\"zfr3Q\" dir=\"ltr\">Profesora: Susana Ojer<\/p>\n<div class=\"oKdM2c\">\n<div id=\"h.6563719682eb4095_76\" class=\"hJDwNd-AhqUyc-II5mzb pSzOP-AhqUyc-II5mzb jXK9ad D2fZ2 GNzUNc\">\n<div class=\"jXK9ad-SmKAyb\">\n<div class=\"tyJCtd mGzaTb baZpAe\">\n<div class=\"CjVfdc\">Flauta Travesera<\/div>\n<\/div>\n<\/div>\n<\/div>\n<\/div>\n<div class=\"oKdM2c\">\n<div id=\"h.6563719682eb4095_78\" class=\"hJDwNd-AhqUyc-II5mzb pSzOP-AhqUyc-II5mzb jXK9ad D2fZ2 wHaque GNzUNc\">\n<div class=\"jXK9ad-SmKAyb\">\n<div class=\"tyJCtd mGzaTb baZpAe\">\n<p class=\"zfr3Q\" dir=\"ltr\">Profesora: Itziar Calvo<\/p>\n<div class=\"oKdM2c\">\n<div id=\"h.6563719682eb4095_101\" class=\"hJDwNd-AhqUyc-qWD73c jXK9ad D2fZ2 GNzUNc\">\n<div class=\"jXK9ad-SmKAyb\">\n<div class=\"tyJCtd mGzaTb baZpAe\">\n<h4 class=\"CjVfdc\">Piano<\/h4>\n<\/div>\n<\/div>\n<\/div>\n<\/div>\n<div class=\"oKdM2c\">\n<div id=\"h.6563719682eb4095_103\" class=\"hJDwNd-AhqUyc-qWD73c jXK9ad D2fZ2 wHaque GNzUNc\">\n<div class=\"jXK9ad-SmKAyb\">\n<div class=\"tyJCtd mGzaTb baZpAe\">\n<p class=\"zfr3Q\" dir=\"ltr\">Profesor: Francesco Casali<\/p>\n<div class=\"oKdM2c\">\n<div id=\"h.6563719682eb4095_108\" class=\"hJDwNd-AhqUyc-qWD73c jXK9ad D2fZ2 GNzUNc\">\n<div class=\"jXK9ad-SmKAyb\">\n<div class=\"tyJCtd mGzaTb baZpAe\">\n<h4 class=\"CjVfdc\">Guitarra<\/h4>\n<\/div>\n<\/div>\n<\/div>\n<\/div>\n<div class=\"oKdM2c\">\n<div id=\"h.6563719682eb4095_110\" class=\"hJDwNd-AhqUyc-qWD73c jXK9ad D2fZ2 wHaque GNzUNc\">\n<div class=\"jXK9ad-SmKAyb\">\n<div class=\"tyJCtd mGzaTb baZpAe\">\n<p class=\"zfr3Q\" dir=\"ltr\">Profesor: Luc\u00eda Balduz<\/p>\n<\/div>\n<\/div>\n<\/div>\n<\/div>\n<\/div>\n<\/div>\n<\/div>\n<\/div>\n<\/div>\n<\/div>\n<\/div>\n<\/div>\n<\/div>\n<\/div>\n<\/div>\n<\/div>\n<\/div>\n<\/div>\n<\/div>\n<\/div>\n<\/div>\n<\/div>\n<\/div>\n<\/div>\n","protected":false},"excerpt":{"rendered":"<p>Enlace al facebook de la Escuela de M\u00fasica\u00a0\u00a0\u00a0 haz clic\u00a0 Enlace al canal de youtube\u00a0\u00a0\u00a0\u00a0\u00a0\u00a0\u00a0\u00a0\u00a0\u00a0\u00a0\u00a0\u00a0\u00a0\u00a0\u00a0\u00a0\u00a0\u00a0\u00a0\u00a0\u00a0\u00a0\u00a0\u00a0\u00a0\u00a0\u00a0\u00a0\u00a0\u00a0\u00a0\u00a0 haz clic Los instrumentos que puedes aprender a tocar en la Escuela de M\u00fasica de Artajona son: Artaxoako Musika Eskolan jotzen ikas ditzakezun instrumentuak honako hauek dira: Percusi\u00f3n Profesor: David Iborra Instrumentos de Viento Saxof\u00f3n Profesor: \u00d3scar de Esteban Director [&hellip;]<\/p>\n","protected":false},"author":10580,"featured_media":0,"parent":0,"menu_order":0,"comment_status":"closed","ping_status":"closed","template":"","meta":{"_exactmetrics_skip_tracking":false,"_exactmetrics_sitenote_active":false,"_exactmetrics_sitenote_note":"","_exactmetrics_sitenote_category":0,"footnotes":""},"class_list":["post-13489","page","type-page","status-publish","hentry"],"yoast_head":"<!-- This site is optimized with the Yoast SEO plugin v24.5 - https:\/\/yoast.com\/wordpress\/plugins\/seo\/ -->\r\n<title>M\u00fasica Eskola - Ayuntamiento de Artajona \/ Artaxoako Udala<\/title>\r\n<meta name=\"robots\" content=\"index, follow, max-snippet:-1, max-image-preview:large, max-video-preview:-1\" \/>\r\n<link rel=\"canonical\" href=\"https:\/\/www.artajona.net\/eu\/musica-eskola\/\" \/>\r\n<meta property=\"og:locale\" content=\"eu_ES\" \/>\r\n<meta property=\"og:type\" content=\"article\" \/>\r\n<meta property=\"og:title\" content=\"M\u00fasica Eskola - Ayuntamiento de Artajona \/ Artaxoako Udala\" \/>\r\n<meta property=\"og:description\" content=\"Enlace al facebook de la Escuela de M\u00fasica\u00a0\u00a0\u00a0 haz clic\u00a0 Enlace al canal de youtube\u00a0\u00a0\u00a0\u00a0\u00a0\u00a0\u00a0\u00a0\u00a0\u00a0\u00a0\u00a0\u00a0\u00a0\u00a0\u00a0\u00a0\u00a0\u00a0\u00a0\u00a0\u00a0\u00a0\u00a0\u00a0\u00a0\u00a0\u00a0\u00a0\u00a0\u00a0\u00a0\u00a0 haz clic Los instrumentos que puedes aprender a tocar en la Escuela de M\u00fasica de Artajona son: Artaxoako Musika Eskolan jotzen ikas ditzakezun instrumentuak honako hauek dira: Percusi\u00f3n Profesor: David Iborra Instrumentos de Viento Saxof\u00f3n Profesor: \u00d3scar de Esteban Director [&hellip;]\" \/>\r\n<meta property=\"og:url\" content=\"https:\/\/www.artajona.net\/eu\/musica-eskola\/\" \/>\r\n<meta property=\"og:site_name\" content=\"Ayuntamiento de Artajona \/ Artaxoako Udala\" \/>\r\n<meta name=\"twitter:card\" content=\"summary_large_image\" \/>\r\n<script type=\"application\/ld+json\" class=\"yoast-schema-graph\">{\"@context\":\"https:\/\/schema.org\",\"@graph\":[{\"@type\":\"WebPage\",\"@id\":\"https:\/\/www.artajona.net\/eu\/musica-eskola\/\",\"url\":\"https:\/\/www.artajona.net\/eu\/musica-eskola\/\",\"name\":\"M\u00fasica Eskola - Ayuntamiento de Artajona \/ Artaxoako Udala\",\"isPartOf\":{\"@id\":\"https:\/\/www.artajona.net\/#website\"},\"datePublished\":\"2020-06-17T05:43:45+00:00\",\"breadcrumb\":{\"@id\":\"https:\/\/www.artajona.net\/eu\/musica-eskola\/#breadcrumb\"},\"inLanguage\":\"eu-ES\",\"potentialAction\":[{\"@type\":\"ReadAction\",\"target\":[\"https:\/\/www.artajona.net\/eu\/musica-eskola\/\"]}]},{\"@type\":\"BreadcrumbList\",\"@id\":\"https:\/\/www.artajona.net\/eu\/musica-eskola\/#breadcrumb\",\"itemListElement\":[{\"@type\":\"ListItem\",\"position\":1,\"name\":\"Portada\",\"item\":\"https:\/\/www.artajona.net\/\"},{\"@type\":\"ListItem\",\"position\":2,\"name\":\"M\u00fasica Eskola\"}]},{\"@type\":\"WebSite\",\"@id\":\"https:\/\/www.artajona.net\/#website\",\"url\":\"https:\/\/www.artajona.net\/\",\"name\":\"Ayuntamiento de Artajona \/ Artaxoako Udala\",\"description\":\"Web oficial del ayuntamiento de Artajona\",\"potentialAction\":[{\"@type\":\"SearchAction\",\"target\":{\"@type\":\"EntryPoint\",\"urlTemplate\":\"https:\/\/www.artajona.net\/?s={search_term_string}\"},\"query-input\":{\"@type\":\"PropertyValueSpecification\",\"valueRequired\":true,\"valueName\":\"search_term_string\"}}],\"inLanguage\":\"eu-ES\"}]}<\/script>\r\n<!-- \/ Yoast SEO plugin. -->","yoast_head_json":{"title":"M\u00fasica Eskola - Ayuntamiento de Artajona \/ Artaxoako Udala","robots":{"index":"index","follow":"follow","max-snippet":"max-snippet:-1","max-image-preview":"max-image-preview:large","max-video-preview":"max-video-preview:-1"},"canonical":"https:\/\/www.artajona.net\/eu\/musica-eskola\/","og_locale":"eu_ES","og_type":"article","og_title":"M\u00fasica Eskola - Ayuntamiento de Artajona \/ Artaxoako Udala","og_description":"Enlace al facebook de la Escuela de M\u00fasica\u00a0\u00a0\u00a0 haz clic\u00a0 Enlace al canal de youtube\u00a0\u00a0\u00a0\u00a0\u00a0\u00a0\u00a0\u00a0\u00a0\u00a0\u00a0\u00a0\u00a0\u00a0\u00a0\u00a0\u00a0\u00a0\u00a0\u00a0\u00a0\u00a0\u00a0\u00a0\u00a0\u00a0\u00a0\u00a0\u00a0\u00a0\u00a0\u00a0\u00a0 haz clic Los instrumentos que puedes aprender a tocar en la Escuela de M\u00fasica de Artajona son: Artaxoako Musika Eskolan jotzen ikas ditzakezun instrumentuak honako hauek dira: Percusi\u00f3n Profesor: David Iborra Instrumentos de Viento Saxof\u00f3n Profesor: \u00d3scar de Esteban Director [&hellip;]","og_url":"https:\/\/www.artajona.net\/eu\/musica-eskola\/","og_site_name":"Ayuntamiento de Artajona \/ Artaxoako Udala","twitter_card":"summary_large_image","schema":{"@context":"https:\/\/schema.org","@graph":[{"@type":"WebPage","@id":"https:\/\/www.artajona.net\/eu\/musica-eskola\/","url":"https:\/\/www.artajona.net\/eu\/musica-eskola\/","name":"M\u00fasica Eskola - Ayuntamiento de Artajona \/ Artaxoako Udala","isPartOf":{"@id":"https:\/\/www.artajona.net\/#website"},"datePublished":"2020-06-17T05:43:45+00:00","breadcrumb":{"@id":"https:\/\/www.artajona.net\/eu\/musica-eskola\/#breadcrumb"},"inLanguage":"eu-ES","potentialAction":[{"@type":"ReadAction","target":["https:\/\/www.artajona.net\/eu\/musica-eskola\/"]}]},{"@type":"BreadcrumbList","@id":"https:\/\/www.artajona.net\/eu\/musica-eskola\/#breadcrumb","itemListElement":[{"@type":"ListItem","position":1,"name":"Portada","item":"https:\/\/www.artajona.net\/"},{"@type":"ListItem","position":2,"name":"M\u00fasica Eskola"}]},{"@type":"WebSite","@id":"https:\/\/www.artajona.net\/#website","url":"https:\/\/www.artajona.net\/","name":"Ayuntamiento de Artajona \/ Artaxoako Udala","description":"Web oficial del ayuntamiento de Artajona","potentialAction":[{"@type":"SearchAction","target":{"@type":"EntryPoint","urlTemplate":"https:\/\/www.artajona.net\/?s={search_term_string}"},"query-input":{"@type":"PropertyValueSpecification","valueRequired":true,"valueName":"search_term_string"}}],"inLanguage":"eu-ES"}]}},"_links":{"self":[{"href":"https:\/\/www.artajona.net\/eu\/wp-json\/wp\/v2\/pages\/13489","targetHints":{"allow":["GET"]}}],"collection":[{"href":"https:\/\/www.artajona.net\/eu\/wp-json\/wp\/v2\/pages"}],"about":[{"href":"https:\/\/www.artajona.net\/eu\/wp-json\/wp\/v2\/types\/page"}],"author":[{"embeddable":true,"href":"https:\/\/www.artajona.net\/eu\/wp-json\/wp\/v2\/users\/10580"}],"replies":[{"embeddable":true,"href":"https:\/\/www.artajona.net\/eu\/wp-json\/wp\/v2\/comments?post=13489"}],"version-history":[{"count":0,"href":"https:\/\/www.artajona.net\/eu\/wp-json\/wp\/v2\/pages\/13489\/revisions"}],"wp:attachment":[{"href":"https:\/\/www.artajona.net\/eu\/wp-json\/wp\/v2\/media?parent=13489"}],"curies":[{"name":"wp","href":"https:\/\/api.w.org\/{rel}","templated":true}]}}