{"id":15267,"date":"2024-10-07T13:24:59","date_gmt":"2024-10-07T11:24:59","guid":{"rendered":"http:\/\/www.artajona.net\/industria-eficiencia-energetica\/"},"modified":"2025-02-17T08:59:43","modified_gmt":"2025-02-17T07:59:43","slug":"industria-eficiencia-energetica","status":"publish","type":"page","link":"https:\/\/www.artajona.net\/eu\/industria-eficiencia-energetica\/","title":{"rendered":"Industria, energia-eraginkortasun"},"content":{"rendered":"<p>Si quieres invertir, puedes disponer de un pol\u00edgono de 47.123 m2 y parcelas de 1827 m2. Adem\u00e1s con una nave de unos 6000 m2 y la parcela de 38.000 disponible.<\/p>\n<p><img loading=\"lazy\" decoding=\"async\" class=\"alignnone size-medium wp-image-14521\" src=\"http:\/\/www.artajona.net\/wp-content\/uploads\/2023\/10\/poligono-300x150.jpg\" alt=\"\" width=\"300\" height=\"150\" srcset=\"https:\/\/www.artajona.net\/wp-content\/uploads\/2023\/10\/poligono-300x150.jpg 300w, https:\/\/www.artajona.net\/wp-content\/uploads\/2023\/10\/poligono-768x384.jpg 768w, https:\/\/www.artajona.net\/wp-content\/uploads\/2023\/10\/poligono-230x115.jpg 230w, https:\/\/www.artajona.net\/wp-content\/uploads\/2023\/10\/poligono.jpg 961w\" sizes=\"auto, (max-width: 300px) 100vw, 300px\" \/><\/p>\n<p>Enlace a indusland <a href=\"http:\/\/www.investinnavarramedia.com\">haz clic<\/a><\/p>\n<p>Hist\u00f3ricamente la econom\u00eda artajonesa como en la mayor\u00eda de las poblaciones navarras ha estado ligada a la agricultura. No obstante el desarrollo que ha vivido la agricultura ha hecho que no sean m\u00e1s de treinta las personas que se dedican exclusivamente a esta labor.<\/p>\n<p>Hoy en d\u00eda nos encontramos con una econom\u00eda muy diversificada donde juega un papel important\u00edsimo la ganader\u00eda con sus granjas y cebaderos de porcino, vacuno y ovino llegando a la nada despreciable cantidad de m\u00e1s de treinta mil animales.<\/p>\n<div id=\"contenido_a_mostrar1\">\n<p>El sector Industrial ha dado un giro, encontr\u00e1ndonos ahora en una profunda crisis, lo que ha hecho que la mano de obra empleada en este sector deba trasladarse a localidades como Pamplona, Tafalla, o Peralta. Las peque\u00f1as empresas (familiares) son las \u00fanicas que han superado este bache destacando por sus productos la fabrica de palas deportivas turr\u00f3n royo y pastas y la elaboraci\u00f3n de productos artesanos.<\/p>\n<p>No obstante contamos con un sector servicios que emerge con fuerza, varios Bares y Restaurantes, Casas Rurales, Carnicer\u00edas, Supermercados Reposteria Artesanal y Productos Tradicionales etc.<\/p>\n<p>Otro sector muy consolidado en la localidad y en el cual se emplean un gran n\u00famero de personas es la Construcci\u00f3n, con varias empresas que desarrollan su labor tanto dentro como fuera de la villa.<\/p>\n<p>Artajona ha contribuido decisivamente a la historia del cooperativismo agrario de Navarra: el 10 de Noviembre de 1904 se fund\u00f3 la Cooperativa Agr\u00edcola Caja Rural, el 3 de diciembre de 1939 la Bodega Cooperativa San Francisco Javier, el 24 de noviembre de 1944 el Trujal Cooperativo Nuestra Se\u00f1ora de la Merced, el 6 de agosto de 1962 la Cooperativa Trilladora Nuestra Se\u00f1ora de Jerusal\u00e9n y el 3 de julio de 1965 la Cooperativa Conservera San Saturnino. En el a\u00f1o 2004 se celebro por todo lo alto el centenario de la Cooperativa Agr\u00edcola Caja Rural siendo la m\u00e1s antigua de Navarra y una de las dos \u00fanicas que todav\u00eda dispone de secci\u00f3n de cr\u00e9dito.<\/p>\n<\/div>\n","protected":false},"excerpt":{"rendered":"<p>Si quieres invertir, puedes disponer de un pol\u00edgono de 47.123 m2 y parcelas de 1827 m2. Adem\u00e1s con una nave de unos 6000 m2 y la parcela de 38.000 disponible. Enlace a indusland haz clic Hist\u00f3ricamente la econom\u00eda artajonesa como en la mayor\u00eda de las poblaciones navarras ha estado ligada a la agricultura. No obstante [&hellip;]<\/p>\n","protected":false},"author":10580,"featured_media":0,"parent":0,"menu_order":0,"comment_status":"closed","ping_status":"closed","template":"","meta":{"_exactmetrics_skip_tracking":false,"_exactmetrics_sitenote_active":false,"_exactmetrics_sitenote_note":"","_exactmetrics_sitenote_category":0,"footnotes":""},"class_list":["post-15267","page","type-page","status-publish","hentry"],"yoast_head":"<!-- This site is optimized with the Yoast SEO plugin v24.5 - https:\/\/yoast.com\/wordpress\/plugins\/seo\/ -->\r\n<title>Industria, energia-eraginkortasun - Ayuntamiento de Artajona \/ Artaxoako Udala<\/title>\r\n<meta name=\"robots\" content=\"index, follow, max-snippet:-1, max-image-preview:large, max-video-preview:-1\" \/>\r\n<link rel=\"canonical\" href=\"https:\/\/www.artajona.net\/eu\/industria-eficiencia-energetica\/\" \/>\r\n<meta property=\"og:locale\" content=\"eu_ES\" \/>\r\n<meta property=\"og:type\" content=\"article\" \/>\r\n<meta property=\"og:title\" content=\"Industria, energia-eraginkortasun - Ayuntamiento de Artajona \/ Artaxoako Udala\" \/>\r\n<meta property=\"og:description\" content=\"Si quieres invertir, puedes disponer de un pol\u00edgono de 47.123 m2 y parcelas de 1827 m2. Adem\u00e1s con una nave de unos 6000 m2 y la parcela de 38.000 disponible. Enlace a indusland haz clic Hist\u00f3ricamente la econom\u00eda artajonesa como en la mayor\u00eda de las poblaciones navarras ha estado ligada a la agricultura. No obstante [&hellip;]\" \/>\r\n<meta property=\"og:url\" content=\"https:\/\/www.artajona.net\/eu\/industria-eficiencia-energetica\/\" \/>\r\n<meta property=\"og:site_name\" content=\"Ayuntamiento de Artajona \/ Artaxoako Udala\" \/>\r\n<meta property=\"article:modified_time\" content=\"2025-02-17T07:59:43+00:00\" \/>\r\n<meta property=\"og:image\" content=\"http:\/\/www.artajona.net\/wp-content\/uploads\/2023\/10\/poligono-300x150.jpg\" \/>\r\n<meta name=\"twitter:card\" content=\"summary_large_image\" \/>\r\n<meta name=\"twitter:label1\" content=\"Est. reading time\" \/>\n\t<meta name=\"twitter:data1\" content=\"2 minutes\" \/>\r\n<script type=\"application\/ld+json\" class=\"yoast-schema-graph\">{\"@context\":\"https:\/\/schema.org\",\"@graph\":[{\"@type\":\"WebPage\",\"@id\":\"https:\/\/www.artajona.net\/eu\/industria-eficiencia-energetica\/\",\"url\":\"https:\/\/www.artajona.net\/eu\/industria-eficiencia-energetica\/\",\"name\":\"Industria, energia-eraginkortasun - Ayuntamiento de Artajona \/ Artaxoako Udala\",\"isPartOf\":{\"@id\":\"https:\/\/www.artajona.net\/#website\"},\"primaryImageOfPage\":{\"@id\":\"https:\/\/www.artajona.net\/eu\/industria-eficiencia-energetica\/#primaryimage\"},\"image\":{\"@id\":\"https:\/\/www.artajona.net\/eu\/industria-eficiencia-energetica\/#primaryimage\"},\"thumbnailUrl\":\"http:\/\/www.artajona.net\/wp-content\/uploads\/2023\/10\/poligono-300x150.jpg\",\"datePublished\":\"2024-10-07T11:24:59+00:00\",\"dateModified\":\"2025-02-17T07:59:43+00:00\",\"breadcrumb\":{\"@id\":\"https:\/\/www.artajona.net\/eu\/industria-eficiencia-energetica\/#breadcrumb\"},\"inLanguage\":\"eu-ES\",\"potentialAction\":[{\"@type\":\"ReadAction\",\"target\":[\"https:\/\/www.artajona.net\/eu\/industria-eficiencia-energetica\/\"]}]},{\"@type\":\"ImageObject\",\"inLanguage\":\"eu-ES\",\"@id\":\"https:\/\/www.artajona.net\/eu\/industria-eficiencia-energetica\/#primaryimage\",\"url\":\"http:\/\/www.artajona.net\/wp-content\/uploads\/2023\/10\/poligono-300x150.jpg\",\"contentUrl\":\"http:\/\/www.artajona.net\/wp-content\/uploads\/2023\/10\/poligono-300x150.jpg\"},{\"@type\":\"BreadcrumbList\",\"@id\":\"https:\/\/www.artajona.net\/eu\/industria-eficiencia-energetica\/#breadcrumb\",\"itemListElement\":[{\"@type\":\"ListItem\",\"position\":1,\"name\":\"Portada\",\"item\":\"https:\/\/www.artajona.net\/\"},{\"@type\":\"ListItem\",\"position\":2,\"name\":\"Industria, energia-eraginkortasun\"}]},{\"@type\":\"WebSite\",\"@id\":\"https:\/\/www.artajona.net\/#website\",\"url\":\"https:\/\/www.artajona.net\/\",\"name\":\"Ayuntamiento de Artajona \/ Artaxoako Udala\",\"description\":\"Web oficial del ayuntamiento de Artajona\",\"potentialAction\":[{\"@type\":\"SearchAction\",\"target\":{\"@type\":\"EntryPoint\",\"urlTemplate\":\"https:\/\/www.artajona.net\/?s={search_term_string}\"},\"query-input\":{\"@type\":\"PropertyValueSpecification\",\"valueRequired\":true,\"valueName\":\"search_term_string\"}}],\"inLanguage\":\"eu-ES\"}]}<\/script>\r\n<!-- \/ Yoast SEO plugin. -->","yoast_head_json":{"title":"Industria, energia-eraginkortasun - Ayuntamiento de Artajona \/ Artaxoako Udala","robots":{"index":"index","follow":"follow","max-snippet":"max-snippet:-1","max-image-preview":"max-image-preview:large","max-video-preview":"max-video-preview:-1"},"canonical":"https:\/\/www.artajona.net\/eu\/industria-eficiencia-energetica\/","og_locale":"eu_ES","og_type":"article","og_title":"Industria, energia-eraginkortasun - Ayuntamiento de Artajona \/ Artaxoako Udala","og_description":"Si quieres invertir, puedes disponer de un pol\u00edgono de 47.123 m2 y parcelas de 1827 m2. Adem\u00e1s con una nave de unos 6000 m2 y la parcela de 38.000 disponible. Enlace a indusland haz clic Hist\u00f3ricamente la econom\u00eda artajonesa como en la mayor\u00eda de las poblaciones navarras ha estado ligada a la agricultura. No obstante [&hellip;]","og_url":"https:\/\/www.artajona.net\/eu\/industria-eficiencia-energetica\/","og_site_name":"Ayuntamiento de Artajona \/ Artaxoako Udala","article_modified_time":"2025-02-17T07:59:43+00:00","og_image":[{"url":"http:\/\/www.artajona.net\/wp-content\/uploads\/2023\/10\/poligono-300x150.jpg","type":"","width":"","height":""}],"twitter_card":"summary_large_image","twitter_misc":{"Est. reading time":"2 minutes"},"schema":{"@context":"https:\/\/schema.org","@graph":[{"@type":"WebPage","@id":"https:\/\/www.artajona.net\/eu\/industria-eficiencia-energetica\/","url":"https:\/\/www.artajona.net\/eu\/industria-eficiencia-energetica\/","name":"Industria, energia-eraginkortasun - Ayuntamiento de Artajona \/ Artaxoako Udala","isPartOf":{"@id":"https:\/\/www.artajona.net\/#website"},"primaryImageOfPage":{"@id":"https:\/\/www.artajona.net\/eu\/industria-eficiencia-energetica\/#primaryimage"},"image":{"@id":"https:\/\/www.artajona.net\/eu\/industria-eficiencia-energetica\/#primaryimage"},"thumbnailUrl":"http:\/\/www.artajona.net\/wp-content\/uploads\/2023\/10\/poligono-300x150.jpg","datePublished":"2024-10-07T11:24:59+00:00","dateModified":"2025-02-17T07:59:43+00:00","breadcrumb":{"@id":"https:\/\/www.artajona.net\/eu\/industria-eficiencia-energetica\/#breadcrumb"},"inLanguage":"eu-ES","potentialAction":[{"@type":"ReadAction","target":["https:\/\/www.artajona.net\/eu\/industria-eficiencia-energetica\/"]}]},{"@type":"ImageObject","inLanguage":"eu-ES","@id":"https:\/\/www.artajona.net\/eu\/industria-eficiencia-energetica\/#primaryimage","url":"http:\/\/www.artajona.net\/wp-content\/uploads\/2023\/10\/poligono-300x150.jpg","contentUrl":"http:\/\/www.artajona.net\/wp-content\/uploads\/2023\/10\/poligono-300x150.jpg"},{"@type":"BreadcrumbList","@id":"https:\/\/www.artajona.net\/eu\/industria-eficiencia-energetica\/#breadcrumb","itemListElement":[{"@type":"ListItem","position":1,"name":"Portada","item":"https:\/\/www.artajona.net\/"},{"@type":"ListItem","position":2,"name":"Industria, energia-eraginkortasun"}]},{"@type":"WebSite","@id":"https:\/\/www.artajona.net\/#website","url":"https:\/\/www.artajona.net\/","name":"Ayuntamiento de Artajona \/ Artaxoako Udala","description":"Web oficial del ayuntamiento de Artajona","potentialAction":[{"@type":"SearchAction","target":{"@type":"EntryPoint","urlTemplate":"https:\/\/www.artajona.net\/?s={search_term_string}"},"query-input":{"@type":"PropertyValueSpecification","valueRequired":true,"valueName":"search_term_string"}}],"inLanguage":"eu-ES"}]}},"_links":{"self":[{"href":"https:\/\/www.artajona.net\/eu\/wp-json\/wp\/v2\/pages\/15267","targetHints":{"allow":["GET"]}}],"collection":[{"href":"https:\/\/www.artajona.net\/eu\/wp-json\/wp\/v2\/pages"}],"about":[{"href":"https:\/\/www.artajona.net\/eu\/wp-json\/wp\/v2\/types\/page"}],"author":[{"embeddable":true,"href":"https:\/\/www.artajona.net\/eu\/wp-json\/wp\/v2\/users\/10580"}],"replies":[{"embeddable":true,"href":"https:\/\/www.artajona.net\/eu\/wp-json\/wp\/v2\/comments?post=15267"}],"version-history":[{"count":1,"href":"https:\/\/www.artajona.net\/eu\/wp-json\/wp\/v2\/pages\/15267\/revisions"}],"predecessor-version":[{"id":15268,"href":"https:\/\/www.artajona.net\/eu\/wp-json\/wp\/v2\/pages\/15267\/revisions\/15268"}],"wp:attachment":[{"href":"https:\/\/www.artajona.net\/eu\/wp-json\/wp\/v2\/media?parent=15267"}],"curies":[{"name":"wp","href":"https:\/\/api.w.org\/{rel}","templated":true}]}}